{"id":71,"date":"2025-03-19T13:16:11","date_gmt":"2025-03-19T13:16:11","guid":{"rendered":"https:\/\/gokhanergroup.com.tr\/?page_id=71"},"modified":"2025-03-20T01:24:39","modified_gmt":"2025-03-20T01:24:39","slug":"about-2","status":"publish","type":"page","link":"https:\/\/gokhanergroup.com.tr\/?page_id=71","title":{"rendered":"About"},"content":{"rendered":"<p>[et_pb_section fb_built=&#8221;1&#8243; admin_label=&#8221;Header &#038; Video&#8221; _builder_version=&#8221;4.25.2&#8243; _module_preset=&#8221;c35cf80c-97b8-4940-a56e-23517027c17a&#8221; collapsed=&#8221;on&#8221; global_colors_info=&#8221;{%22gcid-3cfc8c0c-5557-4a5d-9dab-24e78d615311%22:%91%22background_color%22%93}&#8221;][et_pb_row column_structure=&#8221;3_4,1_4&#8243; _builder_version=&#8221;4.22.0&#8243; _module_preset=&#8221;default&#8221; global_colors_info=&#8221;{}&#8221;][et_pb_column type=&#8221;3_4&#8243; _builder_version=&#8221;4.22.0&#8243; _module_preset=&#8221;default&#8221;][et_pb_heading title=&#8221;Sobre Nosotros &#8221; _builder_version=&#8221;4.27.4&#8243; _module_preset=&#8221;bab1f5c2-711f-4a93-bd7d-56727e3a69e6&#8243; global_colors_info=&#8221;{}&#8221;][\/et_pb_heading][et_pb_heading title=&#8221;GokhanerGroup ofrece servicios integrales en contabilidad, mantenimiento de registros, auditor\u00eda y asesor\u00eda fiscal. Brindamos soluciones financieras para peque\u00f1as, medianas y grandes empresas, ayudando a nuestros clientes a lograr un crecimiento sostenible.&#8221; _builder_version=&#8221;4.27.4&#8243; _module_preset=&#8221;650047b0-e1f0-47ce-a3d6-7ea6feb85d6b&#8221; width=&#8221;100%&#8221; global_colors_info=&#8221;{}&#8221;][\/et_pb_heading][\/et_pb_column][et_pb_column type=&#8221;1_4&#8243; _builder_version=&#8221;4.22.0&#8243; _module_preset=&#8221;default&#8221;][\/et_pb_column][\/et_pb_row][et_pb_row column_structure=&#8221;1_4,3_4&#8243; _builder_version=&#8221;4.22.0&#8243; _module_preset=&#8221;default&#8221; global_colors_info=&#8221;{}&#8221;][et_pb_column type=&#8221;1_4&#8243; _builder_version=&#8221;4.22.0&#8243; _module_preset=&#8221;default&#8221;][\/et_pb_column][et_pb_column type=&#8221;3_4&#8243; _builder_version=&#8221;4.22.0&#8243; _module_preset=&#8221;default&#8221;][et_pb_image src=&#8221;https:\/\/gokhanergroup.com.tr\/wp-content\/uploads\/2025\/03\/gokhaner.jpeg&#8221; title_text=&#8221;gokhaner&#8221; _builder_version=&#8221;4.27.4&#8243; _module_preset=&#8221;default&#8221; global_colors_info=&#8221;{}&#8221;][\/et_pb_image][\/et_pb_column][\/et_pb_row][\/et_pb_section][et_pb_section fb_built=&#8221;1&#8243; admin_label=&#8221;Services&#8221; _builder_version=&#8221;4.25.2&#8243; _module_preset=&#8221;b4e3e9f8-462f-40de-91d8-478c8fb4f7b0&#8243; collapsed=&#8221;on&#8221; global_colors_info=&#8221;{%22gcid-8a774e07-7ffa-496d-a3ae-ed0f5be735c7%22:%91%22background_color%22%93}&#8221;][et_pb_row column_structure=&#8221;1_2,1_2&#8243; _builder_version=&#8221;4.22.0&#8243; _module_preset=&#8221;default&#8221; locked=&#8221;off&#8221; global_colors_info=&#8221;{}&#8221;][et_pb_column type=&#8221;1_2&#8243; _builder_version=&#8221;4.22.0&#8243; _module_preset=&#8221;default&#8221;][et_pb_heading title=&#8221;Nuestra Misi\u00f3n:&#8221; _builder_version=&#8221;4.27.4&#8243; _module_preset=&#8221;7571ceed-e11d-4017-aca7-e69ffa9bb732&#8243; title_text_color=&#8221;gcid-primary-color&#8221; global_colors_info=&#8221;{%22gcid-primary-color%22:%91%22title_text_color%22%93}&#8221;][\/et_pb_heading][et_pb_heading title=&#8221;Optimizar los procesos de gesti\u00f3n financiera de las empresas ofreciendo servicios transparentes, conformes a la normativa y confiables.&#8221; _builder_version=&#8221;4.27.4&#8243; _module_preset=&#8221;74cd5324-0710-481e-b08d-c5eb62ab2e27&#8243; title_level=&#8221;h2&#8243; title_text_color=&#8221;gcid-86e3b58b-8290-40f1-88ab-dd0e5cfed1b9&#8243; max_width=&#8221;800px&#8221; global_colors_info=&#8221;{%22gcid-0cddd2b1-8b06-4d9a-ae17-1cfad24229a1%22:%91%22quote_border_color%22%93,%22gcid-86e3b58b-8290-40f1-88ab-dd0e5cfed1b9%22:%91%22title_text_color%22%93}&#8221;][\/et_pb_heading][\/et_pb_column][et_pb_column type=&#8221;1_2&#8243; _builder_version=&#8221;4.27.4&#8243; _module_preset=&#8221;default&#8221; global_colors_info=&#8221;{}&#8221;][et_pb_heading title=&#8221;Nuestra Visi\u00f3n:&#8221; _builder_version=&#8221;4.27.4&#8243; _module_preset=&#8221;7571ceed-e11d-4017-aca7-e69ffa9bb732&#8243; title_text_color=&#8221;gcid-primary-color&#8221; global_colors_info=&#8221;{%22gcid-primary-color%22:%91%22title_text_color%22%93}&#8221;][\/et_pb_heading][et_pb_heading title=&#8221;Convertirnos en una marca l\u00edder en servicios de contabilidad y consultor\u00eda mediante el desarrollo de soluciones innovadoras.&#8221; _builder_version=&#8221;4.27.4&#8243; _module_preset=&#8221;74cd5324-0710-481e-b08d-c5eb62ab2e27&#8243; title_level=&#8221;h2&#8243; title_text_color=&#8221;gcid-86e3b58b-8290-40f1-88ab-dd0e5cfed1b9&#8243; max_width=&#8221;800px&#8221; global_colors_info=&#8221;{%22gcid-0cddd2b1-8b06-4d9a-ae17-1cfad24229a1%22:%91%22quote_border_color%22%93,%22gcid-86e3b58b-8290-40f1-88ab-dd0e5cfed1b9%22:%91%22title_text_color%22%93}&#8221;][\/et_pb_heading][\/et_pb_column][\/et_pb_row][et_pb_row make_equal=&#8221;on&#8221; _builder_version=&#8221;4.25.2&#8243; _module_preset=&#8221;default&#8221; locked=&#8221;off&#8221; global_colors_info=&#8221;{}&#8221;][et_pb_column type=&#8221;4_4&#8243; _builder_version=&#8221;4.25.2&#8243; _module_preset=&#8221;0e63fe7e-9745-4e68-89e6-432c4ffd9167&#8243;][et_pb_image src=&#8221;https:\/\/gokhanergroup.com.tr\/wp-content\/uploads\/2025\/03\/Ekran-goruntusu-2025-03-20-025307.png&#8221; title_text=&#8221;Ekran g\u00f6r\u00fcnt\u00fcs\u00fc 2025-03-20 025307&#8243; _builder_version=&#8221;4.27.4&#8243; _module_preset=&#8221;default&#8221; global_colors_info=&#8221;{}&#8221;][\/et_pb_image][\/et_pb_column][\/et_pb_row][\/et_pb_section][et_pb_section fb_built=&#8221;1&#8243; admin_label=&#8221;Team&#8221; _builder_version=&#8221;4.25.2&#8243; _module_preset=&#8221;d04d659d-381a-431d-b0ad-690494db0563&#8243; locked=&#8221;off&#8221; collapsed=&#8221;on&#8221; global_colors_info=&#8221;{}&#8221;][et_pb_row column_structure=&#8221;1_2,1_2&#8243; _builder_version=&#8221;4.22.0&#8243; _module_preset=&#8221;default&#8221; global_colors_info=&#8221;{}&#8221;][et_pb_column type=&#8221;1_2&#8243; _builder_version=&#8221;4.22.0&#8243; _module_preset=&#8221;default&#8221;][et_pb_heading title=&#8221;Nuestros Servicios:&#8221; _builder_version=&#8221;4.27.4&#8243; _module_preset=&#8221;74cd5324-0710-481e-b08d-c5eb62ab2e27&#8243; max_width=&#8221;800px&#8221; global_colors_info=&#8221;{}&#8221;][\/et_pb_heading][et_pb_text _builder_version=&#8221;4.27.4&#8243; _module_preset=&#8221;default&#8221; global_colors_info=&#8221;{}&#8221;]<\/p>\n<p>\u2022 <strong>Contabilidad, Mantenimiento de Registros y Auditor\u00eda:<\/strong> Apoyamos a las empresas en la gesti\u00f3n de sus procesos financieros.<br \/><strong>\u2022 Asesor\u00eda Fiscal:<\/strong> Brindamos orientaci\u00f3n experta en planificaci\u00f3n fiscal y cumplimiento normativo.<br \/><strong>\u2022 Consultor\u00eda en Gesti\u00f3n Empresarial:<\/strong> Agregamos valor a las empresas a trav\u00e9s de planificaci\u00f3n estrat\u00e9gica, an\u00e1lisis financiero y optimizaci\u00f3n de procesos.<\/p>\n<p>[\/et_pb_text][\/et_pb_column][et_pb_column type=&#8221;1_2&#8243; _builder_version=&#8221;4.22.0&#8243; _module_preset=&#8221;default&#8221;][et_pb_heading title=&#8221;%22%22%22%22%22%22%22%22%22%22%22%22%22%22%22%22%22%22%22%22%22%22%22%22%22%22%22&#8243; _builder_version=&#8221;4.27.4&#8243; _module_preset=&#8221;74cd5324-0710-481e-b08d-c5eb62ab2e27&#8243; max_width=&#8221;800px&#8221; global_colors_info=&#8221;{}&#8221;][\/et_pb_heading][et_pb_text _builder_version=&#8221;4.27.4&#8243; _module_preset=&#8221;default&#8221; global_colors_info=&#8221;{}&#8221;]<\/p>\n<p>Los valores fundamentales de nuestra empresa son <strong>honestidad, confianza, orientaci\u00f3n al cliente y profesionalismo<\/strong>. Nuestro equipo de expertos ofrece soluciones personalizadas para mejorar la eficiencia de los procesos empresariales.<\/p>\n<p>[\/et_pb_text][\/et_pb_column][\/et_pb_row][\/et_pb_section]<\/p>\n","protected":false},"excerpt":{"rendered":"<p>\u2022 Contabilidad, Mantenimiento de Registros y Auditor\u00eda: Apoyamos a las empresas en la gesti\u00f3n de sus procesos financieros.\u2022 Asesor\u00eda Fiscal: Brindamos orientaci\u00f3n experta en planificaci\u00f3n fiscal y cumplimiento normativo.\u2022 Consultor\u00eda en Gesti\u00f3n Empresarial: Agregamos valor a las empresas a trav\u00e9s de planificaci\u00f3n estrat\u00e9gica, an\u00e1lisis financiero y optimizaci\u00f3n de procesos.Los valores fundamentales de nuestra empresa son [&hellip;]<\/p>\n","protected":false},"author":1,"featured_media":0,"parent":0,"menu_order":0,"comment_status":"closed","ping_status":"closed","template":"","meta":{"_et_pb_use_builder":"on","_et_pb_old_content":"","_et_gb_content_width":"","footnotes":""},"class_list":["post-71","page","type-page","status-publish","hentry"],"_links":{"self":[{"href":"https:\/\/gokhanergroup.com.tr\/index.php?rest_route=\/wp\/v2\/pages\/71","targetHints":{"allow":["GET"]}}],"collection":[{"href":"https:\/\/gokhanergroup.com.tr\/index.php?rest_route=\/wp\/v2\/pages"}],"about":[{"href":"https:\/\/gokhanergroup.com.tr\/index.php?rest_route=\/wp\/v2\/types\/page"}],"author":[{"embeddable":true,"href":"https:\/\/gokhanergroup.com.tr\/index.php?rest_route=\/wp\/v2\/users\/1"}],"replies":[{"embeddable":true,"href":"https:\/\/gokhanergroup.com.tr\/index.php?rest_route=%2Fwp%2Fv2%2Fcomments&post=71"}],"version-history":[{"count":3,"href":"https:\/\/gokhanergroup.com.tr\/index.php?rest_route=\/wp\/v2\/pages\/71\/revisions"}],"predecessor-version":[{"id":177,"href":"https:\/\/gokhanergroup.com.tr\/index.php?rest_route=\/wp\/v2\/pages\/71\/revisions\/177"}],"wp:attachment":[{"href":"https:\/\/gokhanergroup.com.tr\/index.php?rest_route=%2Fwp%2Fv2%2Fmedia&parent=71"}],"curies":[{"name":"wp","href":"https:\/\/api.w.org\/{rel}","templated":true}]}}