{"id":77,"date":"2025-03-19T13:16:11","date_gmt":"2025-03-19T13:16:11","guid":{"rendered":"https:\/\/gokhanergroup.com.tr\/?page_id=77"},"modified":"2025-03-24T09:52:45","modified_gmt":"2025-03-24T09:52:45","slug":"home-2","status":"publish","type":"page","link":"https:\/\/gokhanergroup.com.tr\/","title":{"rendered":"Home"},"content":{"rendered":"<p>[et_pb_section fb_built=&#8221;1&#8243; admin_label=&#8221;Header&#8221; _builder_version=&#8221;4.21.0&#8243; _module_preset=&#8221;default&#8221; background_color=&#8221;gcid-3cfc8c0c-5557-4a5d-9dab-24e78d615311&#8243; custom_padding=&#8221;||0px|||&#8221; collapsed=&#8221;on&#8221; global_colors_info=&#8221;{%22gcid-3cfc8c0c-5557-4a5d-9dab-24e78d615311%22:%91%22background_color%22%93}&#8221;][et_pb_row _builder_version=&#8221;4.22.0&#8243; _module_preset=&#8221;default&#8221; global_colors_info=&#8221;{}&#8221;][et_pb_column type=&#8221;4_4&#8243; _builder_version=&#8221;4.21.0&#8243; _module_preset=&#8221;default&#8221; global_colors_info=&#8221;{}&#8221;][et_pb_heading title=&#8221;GokhanerGroup: Damos Forma a su Futuro Financiero&#8221; _builder_version=&#8221;4.27.4&#8243; _module_preset=&#8221;bab1f5c2-711f-4a93-bd7d-56727e3a69e6&#8243; global_colors_info=&#8221;{}&#8221;][\/et_pb_heading][et_pb_text _builder_version=&#8221;4.27.4&#8243; _module_preset=&#8221;56a7a00e-05b1-46a4-a3c1-3af711be6ff5&#8243; max_width=&#8221;900px&#8221; global_colors_info=&#8221;{}&#8221;]<\/p>\n<h4>Soluciones expertas para el crecimiento de su negocio. Su socio de confianza en contabilidad, impuestos y consultor\u00eda<\/h4>\n<p>[\/et_pb_text][\/et_pb_column][\/et_pb_row][et_pb_row column_structure=&#8221;1_3,1_3,1_3&#8243; _builder_version=&#8221;4.22.0&#8243; _module_preset=&#8221;default&#8221; min_height=&#8221;499.2px&#8221; custom_margin=&#8221;|auto|88px|auto||&#8221; custom_padding=&#8221;||26px|||&#8221; global_colors_info=&#8221;{}&#8221;][et_pb_column type=&#8221;1_3&#8243; _builder_version=&#8221;4.22.0&#8243; _module_preset=&#8221;default&#8221; global_colors_info=&#8221;{}&#8221;][et_pb_blurb image_icon_background_color=&#8221;gcid-primary-color&#8221; _builder_version=&#8221;4.27.4&#8243; _module_preset=&#8221;default&#8221; background_color=&#8221;#FFFFFF&#8221; background_image=&#8221;https:\/\/gokhanergroup.com.tr\/wp-content\/uploads\/2025\/03\/modern-and-professional-accounting.jpg&#8221; parallax=&#8221;on&#8221; background_blend=&#8221;color-burn&#8221; min_height=&#8221;389px&#8221; custom_margin=&#8221;||20px|||&#8221; global_colors_info=&#8221;{%22gcid-primary-color%22:%91%22image_icon_background_color%22%93}&#8221; transform_styles__hover_enabled=&#8221;on|hover&#8221; transform_scale__hover_enabled=&#8221;on|hover&#8221; transform_translate__hover_enabled=&#8221;on|desktop&#8221; transform_rotate__hover_enabled=&#8221;on|desktop&#8221; transform_skew__hover_enabled=&#8221;on|desktop&#8221; transform_origin__hover_enabled=&#8221;on|desktop&#8221; transform_scale__hover=&#8221;103%|103%&#8221;][\/et_pb_blurb][et_pb_text _builder_version=&#8221;4.27.4&#8243; _module_preset=&#8221;default&#8221; global_colors_info=&#8221;{}&#8221;]<\/p>\n<h4 style=\"text-align: center;\"><strong>Contabilidad<\/strong><\/h4>\n<p>[\/et_pb_text][\/et_pb_column][et_pb_column type=&#8221;1_3&#8243; _builder_version=&#8221;4.27.4&#8243; _module_preset=&#8221;default&#8221; global_colors_info=&#8221;{}&#8221;][et_pb_blurb image_icon_background_color=&#8221;gcid-primary-color&#8221; _builder_version=&#8221;4.27.4&#8243; _module_preset=&#8221;default&#8221; background_color=&#8221;#FFFFFF&#8221; background_image=&#8221;https:\/\/gokhanergroup.com.tr\/wp-content\/uploads\/2025\/03\/professional-and-modern-tax.jpg&#8221; parallax=&#8221;on&#8221; background_blend=&#8221;color-burn&#8221; min_height=&#8221;389px&#8221; custom_margin=&#8221;||25px|||&#8221; global_colors_info=&#8221;{%22gcid-primary-color%22:%91%22image_icon_background_color%22%93}&#8221; transform_styles__hover_enabled=&#8221;on|hover&#8221; transform_scale__hover_enabled=&#8221;on|hover&#8221; transform_translate__hover_enabled=&#8221;on|desktop&#8221; transform_rotate__hover_enabled=&#8221;on|desktop&#8221; transform_skew__hover_enabled=&#8221;on|desktop&#8221; transform_origin__hover_enabled=&#8221;on|desktop&#8221; transform_scale__hover=&#8221;103%|103%&#8221;][\/et_pb_blurb][et_pb_text _builder_version=&#8221;4.27.4&#8243; _module_preset=&#8221;default&#8221; global_colors_info=&#8221;{}&#8221;]<\/p>\n<h4 style=\"text-align: center;\"><strong>Impuestos<\/strong><\/h4>\n<p>[\/et_pb_text][\/et_pb_column][et_pb_column type=&#8221;1_3&#8243; _builder_version=&#8221;4.27.4&#8243; _module_preset=&#8221;default&#8221; global_colors_info=&#8221;{}&#8221;][et_pb_blurb image_icon_background_color=&#8221;gcid-primary-color&#8221; _builder_version=&#8221;4.27.4&#8243; _module_preset=&#8221;default&#8221; background_color=&#8221;#FFFFFF&#8221; background_image=&#8221;https:\/\/gokhanergroup.com.tr\/wp-content\/uploads\/2025\/03\/modern-and-professional-consulting.jpg&#8221; parallax=&#8221;on&#8221; background_blend=&#8221;color-burn&#8221; min_height=&#8221;389px&#8221; custom_margin=&#8221;||26px|||&#8221; global_colors_info=&#8221;{%22gcid-primary-color%22:%91%22image_icon_background_color%22%93}&#8221; transform_styles__hover_enabled=&#8221;on|hover&#8221; transform_scale__hover_enabled=&#8221;on|hover&#8221; transform_translate__hover_enabled=&#8221;on|desktop&#8221; transform_rotate__hover_enabled=&#8221;on|desktop&#8221; transform_skew__hover_enabled=&#8221;on|desktop&#8221; transform_origin__hover_enabled=&#8221;on|desktop&#8221; transform_scale__hover=&#8221;103%|103%&#8221;][\/et_pb_blurb][et_pb_text _builder_version=&#8221;4.27.4&#8243; _module_preset=&#8221;default&#8221; global_colors_info=&#8221;{}&#8221;]<\/p>\n<h4 style=\"text-align: center;\"><strong>Consultoria<\/strong><\/h4>\n<p>[\/et_pb_text][\/et_pb_column][\/et_pb_row][\/et_pb_section][et_pb_section fb_built=&#8221;1&#8243; admin_label=&#8221;About &#038; Video&#8221; _builder_version=&#8221;4.25.2&#8243; _module_preset=&#8221;c35cf80c-97b8-4940-a56e-23517027c17a&#8221; background_color=&#8221;gcid-3cfc8c0c-5557-4a5d-9dab-24e78d615311&#8243; collapsed=&#8221;on&#8221; global_colors_info=&#8221;{%22gcid-3cfc8c0c-5557-4a5d-9dab-24e78d615311%22:%91%22background_color%22%93}&#8221;][et_pb_row _builder_version=&#8221;4.21.0&#8243; _module_preset=&#8221;default&#8221; global_colors_info=&#8221;{}&#8221;][et_pb_column type=&#8221;4_4&#8243; _builder_version=&#8221;4.21.0&#8243; _module_preset=&#8221;default&#8221; global_colors_info=&#8221;{}&#8221;][et_pb_heading title=&#8221;\u00bfPor qu\u00e9 Elegirnos? &#8221; _builder_version=&#8221;4.27.4&#8243; _module_preset=&#8221;7571ceed-e11d-4017-aca7-e69ffa9bb732&#8243; title_text_color=&#8221;gcid-primary-color&#8221; global_colors_info=&#8221;{%22gcid-primary-color%22:%91%22title_text_color%22%93}&#8221;][\/et_pb_heading][et_pb_heading title=&#8221;Experiencia, confianza, servicio orientado al cliente&#8221; _builder_version=&#8221;4.27.4&#8243; _module_preset=&#8221;650047b0-e1f0-47ce-a3d6-7ea6feb85d6b&#8221; max_width=&#8221;800px&#8221; global_colors_info=&#8221;{}&#8221;][\/et_pb_heading][\/et_pb_column][\/et_pb_row][et_pb_row column_structure=&#8221;2_5,3_5&#8243; _builder_version=&#8221;4.25.2&#8243; _module_preset=&#8221;default&#8221; global_colors_info=&#8221;{}&#8221;][et_pb_column type=&#8221;2_5&#8243; _builder_version=&#8221;4.25.2&#8243; _module_preset=&#8221;fe91237f-4d5e-4536-8752-42047a224d24&#8243; background_color=&#8221;#FFFFFF&#8221; custom_padding=&#8221;20px|20px|20px|20px|true|true&#8221; global_colors_info=&#8221;{}&#8221;][et_pb_text _builder_version=&#8221;4.27.4&#8243; _module_preset=&#8221;56a7a00e-05b1-46a4-a3c1-3af711be6ff5&#8243; global_colors_info=&#8221;{}&#8221;]<\/p>\n<ul>\n<li><strong>Equipo Experimentado:<\/strong> Trabaje con profesionales altamente calificados.<\/li>\n<li><strong>Servicio Confiable:<\/strong> Soluciones financieras transparentes y conformes a la normativa.<\/li>\n<li><strong>Enfoque en el Cliente:<\/strong> Asesoramiento estrat\u00e9gico personalizado para cada empresa.<\/li>\n<li><strong>Infraestructura Tecnol\u00f3gica:<\/strong> Gesti\u00f3n de procesos con software actualizado y soluciones digitales.<\/li>\n<li><strong>Resultados Medibles:<\/strong> Seguimiento del rendimiento financiero y soporte en reportes.<\/li>\n<\/ul>\n<p>[\/et_pb_text][et_pb_button button_text=&#8221;Descubra Nuestros Servicios&#8221; _builder_version=&#8221;4.27.4&#8243; _module_preset=&#8221;f74fbf15-8d64-41cf-9199-b0f25c2ac69f&#8221; global_colors_info=&#8221;{}&#8221;][\/et_pb_button][\/et_pb_column][et_pb_column type=&#8221;3_5&#8243; _builder_version=&#8221;4.21.0&#8243; _module_preset=&#8221;default&#8221; global_colors_info=&#8221;{}&#8221;][et_pb_image src=&#8221;https:\/\/gokhanergroup.com.tr\/wp-content\/uploads\/2025\/03\/exp-1024&#215;1024.jpeg&#8221; title_text=&#8221;exp&#8221; _builder_version=&#8221;4.27.4&#8243; _module_preset=&#8221;default&#8221; global_colors_info=&#8221;{}&#8221;][\/et_pb_image][\/et_pb_column][\/et_pb_row][\/et_pb_section][et_pb_section fb_built=&#8221;1&#8243; admin_label=&#8221;Services&#8221; _builder_version=&#8221;4.25.2&#8243; _module_preset=&#8221;b4e3e9f8-462f-40de-91d8-478c8fb4f7b0&#8243; saved_tabs=&#8221;all&#8221; locked=&#8221;off&#8221; collapsed=&#8221;on&#8221; global_colors_info=&#8221;{%22gcid-8a774e07-7ffa-496d-a3ae-ed0f5be735c7%22:%91%22background_color%22%93}&#8221;][et_pb_row _builder_version=&#8221;4.27.4&#8243; _module_preset=&#8221;default&#8221; global_colors_info=&#8221;{}&#8221;][et_pb_column type=&#8221;4_4&#8243; _builder_version=&#8221;4.21.0&#8243; _module_preset=&#8221;default&#8221; global_colors_info=&#8221;{}&#8221;][et_pb_heading title=&#8221;Resumen de Servicios&#8221; _builder_version=&#8221;4.27.4&#8243; _module_preset=&#8221;650047b0-e1f0-47ce-a3d6-7ea6feb85d6b&#8221; title_level=&#8221;h3&#8243; title_text_color=&#8221;gcid-86e3b58b-8290-40f1-88ab-dd0e5cfed1b9&#8243; max_width=&#8221;800px&#8221; global_colors_info=&#8221;{%22gcid-0cddd2b1-8b06-4d9a-ae17-1cfad24229a1%22:%91%22quote_border_color%22%93,%22gcid-86e3b58b-8290-40f1-88ab-dd0e5cfed1b9%22:%91%22title_text_color%22%93}&#8221;][\/et_pb_heading][\/et_pb_column][\/et_pb_row][et_pb_row column_structure=&#8221;1_4,1_4,1_4,1_4&#8243; _builder_version=&#8221;4.25.2&#8243; _module_preset=&#8221;default&#8221; global_colors_info=&#8221;{}&#8221;][et_pb_column type=&#8221;1_4&#8243; _builder_version=&#8221;4.25.2&#8243; _module_preset=&#8221;81ade312-7498-4ccc-82ea-f99812deedb2&#8243; global_colors_info=&#8221;{}&#8221;][et_pb_heading title=&#8221;Estrat\u00e9gica&#8221; _builder_version=&#8221;4.27.4&#8243; _module_preset=&#8221;7571ceed-e11d-4017-aca7-e69ffa9bb732&#8243; title_text_color=&#8221;gcid-86e3b58b-8290-40f1-88ab-dd0e5cfed1b9&#8243; locked=&#8221;off&#8221; global_colors_info=&#8221;{%22gcid-86e3b58b-8290-40f1-88ab-dd0e5cfed1b9%22:%91%22title_text_color%22%93}&#8221;][\/et_pb_heading][et_pb_icon font_icon=&#8221;&#xf443;||fa||900&#8243; _builder_version=&#8221;4.25.2&#8243; _module_preset=&#8221;fee88b74-698b-4a2a-9f97-9df20949ecc9&#8243; locked=&#8221;off&#8221; global_colors_info=&#8221;{}&#8221;][\/et_pb_icon][et_pb_heading title=&#8221;Consultor\u00eda Estrat\u00e9gica&#8221; _builder_version=&#8221;4.27.4&#8243; _module_preset=&#8221;26f7f692-2fae-436e-9c00-92ad21fdc517&#8243; title_text_color=&#8221;gcid-86e3b58b-8290-40f1-88ab-dd0e5cfed1b9&#8243; custom_margin=&#8221;||10px||false|false&#8221; locked=&#8221;off&#8221; global_colors_info=&#8221;{%22gcid-0cddd2b1-8b06-4d9a-ae17-1cfad24229a1%22:%91%22quote_border_color%22%93,%22gcid-86e3b58b-8290-40f1-88ab-dd0e5cfed1b9%22:%91%22title_text_color%22%93}&#8221;][\/et_pb_heading][et_pb_text _builder_version=&#8221;4.27.4&#8243; _module_preset=&#8221;0a1f194d-da3c-45f3-bf5c-1f9c7a376915&#8243; global_colors_info=&#8221;{%22gcid-secondary-color%22:%91%22quote_border_color%22%93,%22gcid-heading-color%22:%91%22quote_text_color%22%93,%22gcid-51f5b7f3-039d-4a1c-bd3b-b60c0a85bef8%22:%91%22text_text_color%22%93}&#8221;]<\/p>\n<p>Planificaci\u00f3n empresarial, estructuraci\u00f3n corporativa, optimizaci\u00f3n operativa y mejora de procesos.<\/p>\n<p>[\/et_pb_text][\/et_pb_column][et_pb_column type=&#8221;1_4&#8243; _builder_version=&#8221;4.25.2&#8243; _module_preset=&#8221;81ade312-7498-4ccc-82ea-f99812deedb2&#8243; global_colors_info=&#8221;{}&#8221;][et_pb_heading title=&#8221;Contabilidad&#8221; _builder_version=&#8221;4.27.4&#8243; _module_preset=&#8221;7571ceed-e11d-4017-aca7-e69ffa9bb732&#8243; title_text_color=&#8221;gcid-86e3b58b-8290-40f1-88ab-dd0e5cfed1b9&#8243; locked=&#8221;off&#8221; global_colors_info=&#8221;{%22gcid-86e3b58b-8290-40f1-88ab-dd0e5cfed1b9%22:%91%22title_text_color%22%93}&#8221;][\/et_pb_heading][et_pb_icon font_icon=&#8221;&#x69;||divi||400&#8243; icon_color=&#8221;#FFFFFF&#8221; _builder_version=&#8221;4.27.4&#8243; _module_preset=&#8221;fee88b74-698b-4a2a-9f97-9df20949ecc9&#8243; locked=&#8221;off&#8221; global_colors_info=&#8221;{}&#8221;][\/et_pb_icon][et_pb_heading title=&#8221;Contabilidad y Mantenimiento de Registros&#8221; _builder_version=&#8221;4.27.4&#8243; _module_preset=&#8221;26f7f692-2fae-436e-9c00-92ad21fdc517&#8243; title_text_color=&#8221;gcid-86e3b58b-8290-40f1-88ab-dd0e5cfed1b9&#8243; custom_margin=&#8221;||10px||false|false&#8221; locked=&#8221;off&#8221; global_colors_info=&#8221;{%22gcid-0cddd2b1-8b06-4d9a-ae17-1cfad24229a1%22:%91%22quote_border_color%22%93,%22gcid-86e3b58b-8290-40f1-88ab-dd0e5cfed1b9%22:%91%22title_text_color%22%93}&#8221;][\/et_pb_heading][et_pb_text _builder_version=&#8221;4.27.4&#8243; _module_preset=&#8221;0a1f194d-da3c-45f3-bf5c-1f9c7a376915&#8243; locked=&#8221;off&#8221;]<\/p>\n<p>Operaciones contables diarias, preparaci\u00f3n de estados financieros, seguimiento de facturaci\u00f3n electr\u00f3nica.<\/p>\n<p>[\/et_pb_text][\/et_pb_column][et_pb_column type=&#8221;1_4&#8243; _builder_version=&#8221;4.25.2&#8243; _module_preset=&#8221;81ade312-7498-4ccc-82ea-f99812deedb2&#8243; global_colors_info=&#8221;{}&#8221;][et_pb_heading title=&#8221;FISCAL&#8221; _builder_version=&#8221;4.27.4&#8243; _module_preset=&#8221;7571ceed-e11d-4017-aca7-e69ffa9bb732&#8243; title_text_color=&#8221;gcid-86e3b58b-8290-40f1-88ab-dd0e5cfed1b9&#8243; locked=&#8221;off&#8221; global_colors_info=&#8221;{%22gcid-86e3b58b-8290-40f1-88ab-dd0e5cfed1b9%22:%91%22title_text_color%22%93}&#8221;][\/et_pb_heading][et_pb_icon font_icon=&#8221;&#x4e;||divi||400&#8243; icon_color=&#8221;#FFFFFF&#8221; _builder_version=&#8221;4.27.4&#8243; _module_preset=&#8221;fee88b74-698b-4a2a-9f97-9df20949ecc9&#8243; locked=&#8221;off&#8221; global_colors_info=&#8221;{}&#8221;][\/et_pb_icon][et_pb_heading title=&#8221;Asesor\u00eda Fiscal&#8221; _builder_version=&#8221;4.27.4&#8243; _module_preset=&#8221;26f7f692-2fae-436e-9c00-92ad21fdc517&#8243; title_text_color=&#8221;gcid-86e3b58b-8290-40f1-88ab-dd0e5cfed1b9&#8243; custom_margin=&#8221;||10px||false|false&#8221; locked=&#8221;off&#8221; global_colors_info=&#8221;{%22gcid-0cddd2b1-8b06-4d9a-ae17-1cfad24229a1%22:%91%22quote_border_color%22%93,%22gcid-86e3b58b-8290-40f1-88ab-dd0e5cfed1b9%22:%91%22title_text_color%22%93}&#8221;][\/et_pb_heading][et_pb_text _builder_version=&#8221;4.27.4&#8243; _module_preset=&#8221;0a1f194d-da3c-45f3-bf5c-1f9c7a376915&#8243; locked=&#8221;off&#8221; global_colors_info=&#8221;{%22gcid-secondary-color%22:%91%22quote_border_color%22,%22quote_border_color%22%93,%22gcid-heading-color%22:%91%22quote_text_color%22,%22quote_text_color%22%93,%22gcid-51f5b7f3-039d-4a1c-bd3b-b60c0a85bef8%22:%91%22text_text_color%22,%22text_text_color%22%93}&#8221;]<\/p>\n<p>Presentaci\u00f3n de declaraciones fiscales, planificaci\u00f3n fiscal, auditor\u00eda y cumplimiento normativo.<\/p>\n<p>[\/et_pb_text][\/et_pb_column][et_pb_column type=&#8221;1_4&#8243; _builder_version=&#8221;4.25.2&#8243; _module_preset=&#8221;81ade312-7498-4ccc-82ea-f99812deedb2&#8243; global_colors_info=&#8221;{}&#8221;][et_pb_heading title=&#8221;finanzas&#8221; _builder_version=&#8221;4.27.4&#8243; _module_preset=&#8221;7571ceed-e11d-4017-aca7-e69ffa9bb732&#8243; title_text_color=&#8221;gcid-86e3b58b-8290-40f1-88ab-dd0e5cfed1b9&#8243; locked=&#8221;off&#8221; global_colors_info=&#8221;{%22gcid-86e3b58b-8290-40f1-88ab-dd0e5cfed1b9%22:%91%22title_text_color%22%93}&#8221;][\/et_pb_heading][et_pb_icon font_icon=&#8221;&#xf4c0;||fa||900&#8243; icon_color=&#8221;#FFFFFF&#8221; _builder_version=&#8221;4.25.2&#8243; _module_preset=&#8221;fee88b74-698b-4a2a-9f97-9df20949ecc9&#8243; locked=&#8221;off&#8221; global_colors_info=&#8221;{}&#8221;][\/et_pb_icon][et_pb_heading title=&#8221;Gesti\u00f3n Financiera&#8221; _builder_version=&#8221;4.27.4&#8243; _module_preset=&#8221;26f7f692-2fae-436e-9c00-92ad21fdc517&#8243; title_text_color=&#8221;gcid-86e3b58b-8290-40f1-88ab-dd0e5cfed1b9&#8243; custom_margin=&#8221;||10px||false|false&#8221; locked=&#8221;off&#8221; global_colors_info=&#8221;{%22gcid-0cddd2b1-8b06-4d9a-ae17-1cfad24229a1%22:%91%22quote_border_color%22%93,%22gcid-86e3b58b-8290-40f1-88ab-dd0e5cfed1b9%22:%91%22title_text_color%22%93}&#8221;][\/et_pb_heading][et_pb_text _builder_version=&#8221;4.27.4&#8243; _module_preset=&#8221;0a1f194d-da3c-45f3-bf5c-1f9c7a376915&#8243; locked=&#8221;off&#8221; global_colors_info=&#8221;{%22gcid-secondary-color%22:%91%22quote_border_color%22,%22quote_border_color%22%93,%22gcid-heading-color%22:%91%22quote_text_color%22,%22quote_text_color%22%93,%22gcid-51f5b7f3-039d-4a1c-bd3b-b60c0a85bef8%22:%91%22text_text_color%22,%22text_text_color%22%93}&#8221;]<\/p>\n<p>An\u00e1lisis de flujo de caja, estrategias de presupuestaci\u00f3n, asesor\u00eda de inversiones y gesti\u00f3n de riesgos financieros.<\/p>\n<p>[\/et_pb_text][\/et_pb_column][\/et_pb_row][\/et_pb_section][et_pb_section fb_built=&#8221;1&#8243; admin_label=&#8221;Feature&#8221; _builder_version=&#8221;4.25.2&#8243; _module_preset=&#8221;d04d659d-381a-431d-b0ad-690494db0563&#8243; collapsed=&#8221;on&#8221; global_colors_info=&#8221;{}&#8221;][\/et_pb_section]<\/p>\n","protected":false},"excerpt":{"rendered":"<p>Soluciones expertas para el crecimiento de su negocio. Su socio de confianza en contabilidad, impuestos y consultor\u00edaContabilidadImpuestosConsultoria Equipo Experimentado: Trabaje con profesionales altamente calificados. Servicio Confiable: Soluciones financieras transparentes y conformes a la normativa. Enfoque en el Cliente: Asesoramiento estrat\u00e9gico personalizado para cada empresa. Infraestructura Tecnol\u00f3gica: Gesti\u00f3n de procesos con software actualizado y soluciones digitales. [&hellip;]<\/p>\n","protected":false},"author":1,"featured_media":0,"parent":0,"menu_order":0,"comment_status":"closed","ping_status":"closed","template":"","meta":{"_et_pb_use_builder":"on","_et_pb_old_content":"","_et_gb_content_width":"","footnotes":""},"class_list":["post-77","page","type-page","status-publish","hentry"],"_links":{"self":[{"href":"https:\/\/gokhanergroup.com.tr\/index.php?rest_route=\/wp\/v2\/pages\/77","targetHints":{"allow":["GET"]}}],"collection":[{"href":"https:\/\/gokhanergroup.com.tr\/index.php?rest_route=\/wp\/v2\/pages"}],"about":[{"href":"https:\/\/gokhanergroup.com.tr\/index.php?rest_route=\/wp\/v2\/types\/page"}],"author":[{"embeddable":true,"href":"https:\/\/gokhanergroup.com.tr\/index.php?rest_route=\/wp\/v2\/users\/1"}],"replies":[{"embeddable":true,"href":"https:\/\/gokhanergroup.com.tr\/index.php?rest_route=%2Fwp%2Fv2%2Fcomments&post=77"}],"version-history":[{"count":11,"href":"https:\/\/gokhanergroup.com.tr\/index.php?rest_route=\/wp\/v2\/pages\/77\/revisions"}],"predecessor-version":[{"id":207,"href":"https:\/\/gokhanergroup.com.tr\/index.php?rest_route=\/wp\/v2\/pages\/77\/revisions\/207"}],"wp:attachment":[{"href":"https:\/\/gokhanergroup.com.tr\/index.php?rest_route=%2Fwp%2Fv2%2Fmedia&parent=77"}],"curies":[{"name":"wp","href":"https:\/\/api.w.org\/{rel}","templated":true}]}}